{"id":4586,"date":"2026-03-14T06:05:14","date_gmt":"2026-03-14T06:05:14","guid":{"rendered":"https:\/\/www.kockaci.com\/?page_id=4586"},"modified":"2026-03-14T06:05:14","modified_gmt":"2026-03-14T06:05:14","slug":"ulohaws5","status":"publish","type":"page","link":"https:\/\/www.kockaci.com\/en\/ulohaws5\/","title":{"rendered":"\u00daloha AI &#8211; generovanie obr\u00e1zkov, modelov\u00e1 situ\u00e1cia"},"content":{"rendered":"<p>N\u00e1zov podujatia: English Day 2026 \u2013 Discover the World Through English!<\/p>\n\n\n\n<p>D\u00e1tum: Streda, 7. febru\u00e1ra 2026<\/p>\n\n\n\n<p>Miesto: Jazykov\u00e1 \u0161kola Smiling Snake<\/p>\n\n\n\n<p>\u010cas: 9:00 \u2013 13:30<\/p>\n\n\n\n<p>Stru\u010dn\u00fd program<\/p>\n\n\n\n<p>9:00 \u2013 9:15 Otvorenie podujatia<\/p>\n\n\n\n<p>9:15 \u2013 10:00 English in Action<\/p>\n\n\n\n<p>10:15 \u2013 11:00 Hos\u0165 z praxe: predn\u00e1\u0161ka \u201eWhy English Matters in Today\u2019s World\u201c<\/p>\n\n\n\n<p>11:15 \u2013 12:00 English Quiz \u2013 s\u00fa\u0165a\u017en\u00e9 t\u00edmy odpovedaj\u00fa na ot\u00e1zky z kult\u00fary, slovnej z\u00e1soby, filmov a hudby<\/p>\n\n\n\n<p>12:15 \u2013 13:30 Z\u00e1\u017eitkov\u00e9 stanovi\u0161tia \u2013 konverza\u010dn\u00e9 hry, jazykov\u00e9 v\u00fdzvy, slovn\u00e9 hry, improviza\u010dn\u00e9 dial\u00f3gy a mini-workshopy<\/p>","protected":false},"excerpt":{"rendered":"<p>N\u00e1zov podujatia: English Day 2026 \u2013 Discover the World Through English! D\u00e1tum: Streda, 7. febru\u00e1ra 2026 Miesto: Jazykov\u00e1 \u0161kola Smiling Snake \u010cas: 9:00 \u2013 13:30 Stru\u010dn\u00fd program 9:00 \u2013 9:15 Otvorenie podujatia 9:15 \u2013 10:00 English in Action 10:15 \u2013 11:00 Hos\u0165 z praxe: predn\u00e1\u0161ka \u201eWhy English Matters in Today\u2019s World\u201c 11:15 \u2013 12:00 English [&hellip;]<\/p>","protected":false},"author":1,"featured_media":0,"parent":0,"menu_order":0,"comment_status":"closed","ping_status":"closed","template":"","meta":{"_monsterinsights_skip_tracking":false,"_monsterinsights_sitenote_active":false,"_monsterinsights_sitenote_note":"","_monsterinsights_sitenote_category":0,"site-sidebar-layout":"default","site-content-layout":"","ast-site-content-layout":"default","site-content-style":"default","site-sidebar-style":"default","ast-global-header-display":"","ast-banner-title-visibility":"","ast-main-header-display":"","ast-hfb-above-header-display":"","ast-hfb-below-header-display":"","ast-hfb-mobile-header-display":"","site-post-title":"","ast-breadcrumbs-content":"","ast-featured-img":"","footer-sml-layout":"","theme-transparent-header-meta":"","adv-header-id-meta":"","stick-header-meta":"","header-above-stick-meta":"","header-main-stick-meta":"","header-below-stick-meta":"","astra-migrate-meta-layouts":"set","ast-page-background-enabled":"default","ast-page-background-meta":{"desktop":{"background-color":"var(--ast-global-color-4)","background-image":"","background-repeat":"repeat","background-position":"center center","background-size":"auto","background-attachment":"scroll","background-type":"","background-media":"","overlay-type":"","overlay-color":"","overlay-opacity":"","overlay-gradient":""},"tablet":{"background-color":"","background-image":"","background-repeat":"repeat","background-position":"center center","background-size":"auto","background-attachment":"scroll","background-type":"","background-media":"","overlay-type":"","overlay-color":"","overlay-opacity":"","overlay-gradient":""},"mobile":{"background-color":"","background-image":"","background-repeat":"repeat","background-position":"center center","background-size":"auto","background-attachment":"scroll","background-type":"","background-media":"","overlay-type":"","overlay-color":"","overlay-opacity":"","overlay-gradient":""}},"ast-content-background-meta":{"desktop":{"background-color":"var(--ast-global-color-5)","background-image":"","background-repeat":"repeat","background-position":"center center","background-size":"auto","background-attachment":"scroll","background-type":"","background-media":"","overlay-type":"","overlay-color":"","overlay-opacity":"","overlay-gradient":""},"tablet":{"background-color":"var(--ast-global-color-5)","background-image":"","background-repeat":"repeat","background-position":"center center","background-size":"auto","background-attachment":"scroll","background-type":"","background-media":"","overlay-type":"","overlay-color":"","overlay-opacity":"","overlay-gradient":""},"mobile":{"background-color":"var(--ast-global-color-5)","background-image":"","background-repeat":"repeat","background-position":"center center","background-size":"auto","background-attachment":"scroll","background-type":"","background-media":"","overlay-type":"","overlay-color":"","overlay-opacity":"","overlay-gradient":""}},"footnotes":""},"class_list":["post-4586","page","type-page","status-publish","hentry"],"_links":{"self":[{"href":"https:\/\/www.kockaci.com\/en\/wp-json\/wp\/v2\/pages\/4586","targetHints":{"allow":["GET"]}}],"collection":[{"href":"https:\/\/www.kockaci.com\/en\/wp-json\/wp\/v2\/pages"}],"about":[{"href":"https:\/\/www.kockaci.com\/en\/wp-json\/wp\/v2\/types\/page"}],"author":[{"embeddable":true,"href":"https:\/\/www.kockaci.com\/en\/wp-json\/wp\/v2\/users\/1"}],"replies":[{"embeddable":true,"href":"https:\/\/www.kockaci.com\/en\/wp-json\/wp\/v2\/comments?post=4586"}],"version-history":[{"count":1,"href":"https:\/\/www.kockaci.com\/en\/wp-json\/wp\/v2\/pages\/4586\/revisions"}],"predecessor-version":[{"id":4587,"href":"https:\/\/www.kockaci.com\/en\/wp-json\/wp\/v2\/pages\/4586\/revisions\/4587"}],"wp:attachment":[{"href":"https:\/\/www.kockaci.com\/en\/wp-json\/wp\/v2\/media?parent=4586"}],"curies":[{"name":"wp","href":"https:\/\/api.w.org\/{rel}","templated":true}]}}